{"id":1159,"date":"2021-09-03T11:31:54","date_gmt":"2021-09-03T09:31:54","guid":{"rendered":"https:\/\/corident.es\/equip\/"},"modified":"2023-02-08T11:48:19","modified_gmt":"2023-02-08T10:48:19","slug":"equip","status":"publish","type":"page","link":"https:\/\/corident.es\/ca\/equip\/","title":{"rendered":"Equip"},"content":{"rendered":"\t\t<div data-elementor-type=\"wp-page\" data-elementor-id=\"1159\" class=\"elementor elementor-1159 elementor-289\" data-elementor-post-type=\"page\">\n\t\t\t\t\t\t<section class=\"elementor-section elementor-top-section elementor-element elementor-element-48f1bfe elementor-section-height-min-height elementor-hidden-phone elementor-section-boxed elementor-section-height-default elementor-section-items-middle\" data-id=\"48f1bfe\" data-element_type=\"section\" data-settings=\"{&quot;background_background&quot;:&quot;classic&quot;,&quot;shape_divider_bottom&quot;:&quot;tilt&quot;}\">\n\t\t\t\t\t\t\t<div class=\"elementor-background-overlay\"><\/div>\n\t\t\t\t\t\t<div class=\"elementor-shape elementor-shape-bottom\" aria-hidden=\"true\" data-negative=\"false\">\n\t\t\t<svg xmlns=\"http:\/\/www.w3.org\/2000\/svg\" viewBox=\"0 0 1000 100\" preserveAspectRatio=\"none\">\n\t<path class=\"elementor-shape-fill\" d=\"M0,6V0h1000v100L0,6z\"\/>\n<\/svg>\t\t<\/div>\n\t\t\t\t\t<div class=\"elementor-container elementor-column-gap-default\">\n\t\t\t\t\t<div class=\"elementor-column elementor-col-50 elementor-top-column elementor-element elementor-element-533640a\" data-id=\"533640a\" data-element_type=\"column\">\n\t\t\t<div class=\"elementor-widget-wrap elementor-element-populated\">\n\t\t\t\t\t\t<div class=\"elementor-element elementor-element-0130cc3 elementor-widget elementor-widget-heading\" data-id=\"0130cc3\" data-element_type=\"widget\" data-widget_type=\"heading.default\">\n\t\t\t\t<div class=\"elementor-widget-container\">\n\t\t\t\t\t<h1 class=\"elementor-heading-title elementor-size-default\">Equip<\/h1>\t\t\t\t<\/div>\n\t\t\t\t<\/div>\n\t\t\t\t<div class=\"elementor-element elementor-element-5aeb681 elementor-widget elementor-widget-heading\" data-id=\"5aeb681\" data-element_type=\"widget\" data-widget_type=\"heading.default\">\n\t\t\t\t<div class=\"elementor-widget-container\">\n\t\t\t\t\t<p class=\"elementor-heading-title elementor-size-default\">UN EQUIP PER FER-TE SOMRIURE <\/p>\t\t\t\t<\/div>\n\t\t\t\t<\/div>\n\t\t\t\t<div class=\"elementor-element elementor-element-c002498 elementor-widget elementor-widget-spacer\" data-id=\"c002498\" data-element_type=\"widget\" data-widget_type=\"spacer.default\">\n\t\t\t\t<div class=\"elementor-widget-container\">\n\t\t\t\t\t\t\t<div class=\"elementor-spacer\">\n\t\t\t<div class=\"elementor-spacer-inner\"><\/div>\n\t\t<\/div>\n\t\t\t\t\t\t<\/div>\n\t\t\t\t<\/div>\n\t\t\t\t\t<\/div>\n\t\t<\/div>\n\t\t\t\t<div class=\"elementor-column elementor-col-50 elementor-top-column elementor-element elementor-element-ff456cc\" data-id=\"ff456cc\" data-element_type=\"column\">\n\t\t\t<div class=\"elementor-widget-wrap\">\n\t\t\t\t\t\t\t<\/div>\n\t\t<\/div>\n\t\t\t\t\t<\/div>\n\t\t<\/section>\n\t\t\t\t<section class=\"elementor-section elementor-top-section elementor-element elementor-element-8715972 elementor-section-height-min-height elementor-section-items-bottom elementor-hidden-phone elementor-hidden-tablet elementor-section-boxed elementor-section-height-default\" data-id=\"8715972\" data-element_type=\"section\" data-settings=\"{&quot;background_background&quot;:&quot;classic&quot;}\">\n\t\t\t\t\t\t<div class=\"elementor-container elementor-column-gap-default\">\n\t\t\t\t\t<div class=\"elementor-column elementor-col-50 elementor-top-column elementor-element elementor-element-af23cfe\" data-id=\"af23cfe\" data-element_type=\"column\">\n\t\t\t<div class=\"elementor-widget-wrap elementor-element-populated\">\n\t\t\t\t\t\t<div class=\"elementor-element elementor-element-92cc9d7 texto-borde-blanco elementor-widget elementor-widget-heading\" data-id=\"92cc9d7\" data-element_type=\"widget\" data-widget_type=\"heading.default\">\n\t\t\t\t<div class=\"elementor-widget-container\">\n\t\t\t\t\t<h2 class=\"elementor-heading-title elementor-size-default\">EQUIP<\/h2>\t\t\t\t<\/div>\n\t\t\t\t<\/div>\n\t\t\t\t<div class=\"elementor-element elementor-element-e7c6ee9 elementor-widget elementor-widget-heading\" data-id=\"e7c6ee9\" data-element_type=\"widget\" data-widget_type=\"heading.default\">\n\t\t\t\t<div class=\"elementor-widget-container\">\n\t\t\t\t\t<h2 class=\"elementor-heading-title elementor-size-default\">Som una cl\u00ednica familiar del barri amb l\u2019\u00faltim en tecnologia, un equip\u00e0s de dentistes i les millors marques sempre.<\/h2>\t\t\t\t<\/div>\n\t\t\t\t<\/div>\n\t\t\t\t<div class=\"elementor-element elementor-element-c3fb843 elementor-widget elementor-widget-button\" data-id=\"c3fb843\" data-element_type=\"widget\" data-widget_type=\"button.default\">\n\t\t\t\t<div class=\"elementor-widget-container\">\n\t\t\t\t\t\t\t\t\t<div class=\"elementor-button-wrapper\">\n\t\t\t\t\t<a class=\"elementor-button elementor-button-link elementor-size-sm\" href=\"#equip\">\n\t\t\t\t\t\t<span class=\"elementor-button-content-wrapper\">\n\t\t\t\t\t\t\t\t\t<span class=\"elementor-button-text\">CONEIX-NOS MILLOR<\/span>\n\t\t\t\t\t<\/span>\n\t\t\t\t\t<\/a>\n\t\t\t\t<\/div>\n\t\t\t\t\t\t\t\t<\/div>\n\t\t\t\t<\/div>\n\t\t\t\t\t<\/div>\n\t\t<\/div>\n\t\t\t\t<div class=\"elementor-column elementor-col-50 elementor-top-column elementor-element elementor-element-598808f\" data-id=\"598808f\" data-element_type=\"column\" data-settings=\"{&quot;background_background&quot;:&quot;classic&quot;}\">\n\t\t\t<div class=\"elementor-widget-wrap elementor-element-populated\">\n\t\t\t\t\t\t<div class=\"elementor-element elementor-element-f3ec2cd elementor-widget elementor-widget-spacer\" data-id=\"f3ec2cd\" data-element_type=\"widget\" data-widget_type=\"spacer.default\">\n\t\t\t\t<div class=\"elementor-widget-container\">\n\t\t\t\t\t\t\t<div class=\"elementor-spacer\">\n\t\t\t<div class=\"elementor-spacer-inner\"><\/div>\n\t\t<\/div>\n\t\t\t\t\t\t<\/div>\n\t\t\t\t<\/div>\n\t\t\t\t\t<\/div>\n\t\t<\/div>\n\t\t\t\t\t<\/div>\n\t\t<\/section>\n\t\t\t\t<section class=\"elementor-section elementor-top-section elementor-element elementor-element-e2dbbc8 elementor-section-height-min-height elementor-section-items-bottom elementor-hidden-desktop elementor-section-boxed elementor-section-height-default\" data-id=\"e2dbbc8\" data-element_type=\"section\" data-settings=\"{&quot;background_background&quot;:&quot;classic&quot;}\">\n\t\t\t\t\t\t<div class=\"elementor-container elementor-column-gap-default\">\n\t\t\t\t\t<div class=\"elementor-column elementor-col-50 elementor-top-column elementor-element elementor-element-d63148a\" data-id=\"d63148a\" data-element_type=\"column\">\n\t\t\t<div class=\"elementor-widget-wrap elementor-element-populated\">\n\t\t\t\t\t\t<div class=\"elementor-element elementor-element-560a78c texto-borde-blanco elementor-widget elementor-widget-heading\" data-id=\"560a78c\" data-element_type=\"widget\" data-widget_type=\"heading.default\">\n\t\t\t\t<div class=\"elementor-widget-container\">\n\t\t\t\t\t<h2 class=\"elementor-heading-title elementor-size-default\">EQUIP<\/h2>\t\t\t\t<\/div>\n\t\t\t\t<\/div>\n\t\t\t\t<div class=\"elementor-element elementor-element-5343cf7 elementor-widget elementor-widget-heading\" data-id=\"5343cf7\" data-element_type=\"widget\" data-widget_type=\"heading.default\">\n\t\t\t\t<div class=\"elementor-widget-container\">\n\t\t\t\t\t<h2 class=\"elementor-heading-title elementor-size-default\">Som una cl\u00ednica familiar del barri amb l\u2019\u00faltim en tecnologia, un equip\u00e0s de dentistes i les millors marques sempre.<\/h2>\t\t\t\t<\/div>\n\t\t\t\t<\/div>\n\t\t\t\t<div class=\"elementor-element elementor-element-5471397 elementor-mobile-align-center elementor-widget elementor-widget-button\" data-id=\"5471397\" data-element_type=\"widget\" data-widget_type=\"button.default\">\n\t\t\t\t<div class=\"elementor-widget-container\">\n\t\t\t\t\t\t\t\t\t<div class=\"elementor-button-wrapper\">\n\t\t\t\t\t<a class=\"elementor-button elementor-button-link elementor-size-sm\" href=\"#equip\">\n\t\t\t\t\t\t<span class=\"elementor-button-content-wrapper\">\n\t\t\t\t\t\t\t\t\t<span class=\"elementor-button-text\">CONEIX-NOS MILLOR<\/span>\n\t\t\t\t\t<\/span>\n\t\t\t\t\t<\/a>\n\t\t\t\t<\/div>\n\t\t\t\t\t\t\t\t<\/div>\n\t\t\t\t<\/div>\n\t\t\t\t\t<\/div>\n\t\t<\/div>\n\t\t\t\t<div class=\"elementor-column elementor-col-50 elementor-top-column elementor-element elementor-element-d14333a\" data-id=\"d14333a\" data-element_type=\"column\" data-settings=\"{&quot;background_background&quot;:&quot;classic&quot;}\">\n\t\t\t<div class=\"elementor-widget-wrap elementor-element-populated\">\n\t\t\t\t\t\t<div class=\"elementor-element elementor-element-8cb5f01 elementor-widget elementor-widget-spacer\" data-id=\"8cb5f01\" data-element_type=\"widget\" data-widget_type=\"spacer.default\">\n\t\t\t\t<div class=\"elementor-widget-container\">\n\t\t\t\t\t\t\t<div class=\"elementor-spacer\">\n\t\t\t<div class=\"elementor-spacer-inner\"><\/div>\n\t\t<\/div>\n\t\t\t\t\t\t<\/div>\n\t\t\t\t<\/div>\n\t\t\t\t\t<\/div>\n\t\t<\/div>\n\t\t\t\t\t<\/div>\n\t\t<\/section>\n\t\t\t\t<section class=\"elementor-section elementor-top-section elementor-element elementor-element-3622004 elementor-section-boxed elementor-section-height-default elementor-section-height-default\" data-id=\"3622004\" data-element_type=\"section\">\n\t\t\t\t\t\t<div class=\"elementor-container elementor-column-gap-default\">\n\t\t\t\t\t<div class=\"elementor-column elementor-col-100 elementor-top-column elementor-element elementor-element-9a26be1\" data-id=\"9a26be1\" data-element_type=\"column\">\n\t\t\t<div class=\"elementor-widget-wrap elementor-element-populated\">\n\t\t\t\t\t\t<div class=\"elementor-element elementor-element-4b02e16 elementor-widget elementor-widget-menu-anchor\" data-id=\"4b02e16\" data-element_type=\"widget\" data-widget_type=\"menu-anchor.default\">\n\t\t\t\t<div class=\"elementor-widget-container\">\n\t\t\t\t\t\t\t<div class=\"elementor-menu-anchor\" id=\"equip\"><\/div>\n\t\t\t\t\t\t<\/div>\n\t\t\t\t<\/div>\n\t\t\t\t\t<\/div>\n\t\t<\/div>\n\t\t\t\t\t<\/div>\n\t\t<\/section>\n\t\t\t\t<section class=\"elementor-section elementor-top-section elementor-element elementor-element-f6f9200 elementor-section-boxed elementor-section-height-default elementor-section-height-default\" data-id=\"f6f9200\" data-element_type=\"section\">\n\t\t\t\t\t\t<div class=\"elementor-container elementor-column-gap-default\">\n\t\t\t\t\t<div class=\"elementor-column elementor-col-33 elementor-top-column elementor-element elementor-element-f5c6892\" data-id=\"f5c6892\" data-element_type=\"column\">\n\t\t\t<div class=\"elementor-widget-wrap\">\n\t\t\t\t\t\t\t<\/div>\n\t\t<\/div>\n\t\t\t\t<div class=\"elementor-column elementor-col-33 elementor-top-column elementor-element elementor-element-10483f1\" data-id=\"10483f1\" data-element_type=\"column\">\n\t\t\t<div class=\"elementor-widget-wrap\">\n\t\t\t\t\t\t\t<\/div>\n\t\t<\/div>\n\t\t\t\t<div class=\"elementor-column elementor-col-33 elementor-top-column elementor-element elementor-element-b1fab6e\" data-id=\"b1fab6e\" data-element_type=\"column\">\n\t\t\t<div class=\"elementor-widget-wrap\">\n\t\t\t\t\t\t\t<\/div>\n\t\t<\/div>\n\t\t\t\t\t<\/div>\n\t\t<\/section>\n\t\t\t\t<section class=\"elementor-section elementor-top-section elementor-element elementor-element-cfdbbdd elementor-section-boxed elementor-section-height-default elementor-section-height-default\" data-id=\"cfdbbdd\" data-element_type=\"section\">\n\t\t\t\t\t\t<div class=\"elementor-container elementor-column-gap-default\">\n\t\t\t\t\t<div class=\"elementor-column elementor-col-33 elementor-top-column elementor-element elementor-element-0d504a2\" data-id=\"0d504a2\" data-element_type=\"column\">\n\t\t\t<div class=\"elementor-widget-wrap\">\n\t\t\t\t\t\t\t<\/div>\n\t\t<\/div>\n\t\t\t\t<div class=\"elementor-column elementor-col-33 elementor-top-column elementor-element elementor-element-6a13716\" data-id=\"6a13716\" data-element_type=\"column\">\n\t\t\t<div class=\"elementor-widget-wrap\">\n\t\t\t\t\t\t\t<\/div>\n\t\t<\/div>\n\t\t\t\t<div class=\"elementor-column elementor-col-33 elementor-top-column elementor-element elementor-element-f39477b\" data-id=\"f39477b\" data-element_type=\"column\">\n\t\t\t<div class=\"elementor-widget-wrap\">\n\t\t\t\t\t\t\t<\/div>\n\t\t<\/div>\n\t\t\t\t\t<\/div>\n\t\t<\/section>\n\t\t\t\t<section class=\"elementor-section elementor-top-section elementor-element elementor-element-40a088a elementor-section-boxed elementor-section-height-default elementor-section-height-default\" data-id=\"40a088a\" data-element_type=\"section\">\n\t\t\t\t\t\t<div class=\"elementor-container elementor-column-gap-default\">\n\t\t\t\t\t<div class=\"elementor-column elementor-col-33 elementor-top-column elementor-element elementor-element-a4ba82a\" data-id=\"a4ba82a\" data-element_type=\"column\">\n\t\t\t<div class=\"elementor-widget-wrap\">\n\t\t\t\t\t\t\t<\/div>\n\t\t<\/div>\n\t\t\t\t<div class=\"elementor-column elementor-col-33 elementor-top-column elementor-element elementor-element-7d0b3ab\" data-id=\"7d0b3ab\" data-element_type=\"column\">\n\t\t\t<div class=\"elementor-widget-wrap\">\n\t\t\t\t\t\t\t<\/div>\n\t\t<\/div>\n\t\t\t\t<div class=\"elementor-column elementor-col-33 elementor-top-column elementor-element elementor-element-81685df\" data-id=\"81685df\" data-element_type=\"column\">\n\t\t\t<div class=\"elementor-widget-wrap\">\n\t\t\t\t\t\t\t<\/div>\n\t\t<\/div>\n\t\t\t\t\t<\/div>\n\t\t<\/section>\n\t\t\t\t<section class=\"elementor-section elementor-top-section elementor-element elementor-element-139b9f1 elementor-section-boxed elementor-section-height-default elementor-section-height-default\" data-id=\"139b9f1\" data-element_type=\"section\">\n\t\t\t\t\t\t<div class=\"elementor-container elementor-column-gap-default\">\n\t\t\t\t\t<div class=\"elementor-column elementor-col-33 elementor-top-column elementor-element elementor-element-d724bf1\" data-id=\"d724bf1\" data-element_type=\"column\">\n\t\t\t<div class=\"elementor-widget-wrap\">\n\t\t\t\t\t\t\t<\/div>\n\t\t<\/div>\n\t\t\t\t<div class=\"elementor-column elementor-col-33 elementor-top-column elementor-element elementor-element-512427b\" data-id=\"512427b\" data-element_type=\"column\">\n\t\t\t<div class=\"elementor-widget-wrap\">\n\t\t\t\t\t\t\t<\/div>\n\t\t<\/div>\n\t\t\t\t<div class=\"elementor-column elementor-col-33 elementor-top-column elementor-element elementor-element-470e510\" data-id=\"470e510\" data-element_type=\"column\">\n\t\t\t<div class=\"elementor-widget-wrap\">\n\t\t\t\t\t\t\t<\/div>\n\t\t<\/div>\n\t\t\t\t\t<\/div>\n\t\t<\/section>\n\t\t\t\t<\/div>\n\t\t","protected":false},"excerpt":{"rendered":"<p>Equip UN EQUIP PER FER-TE SOMRIURE EQUIP GENT&nbsp;GUAY! Som una cl\u00ednica familiar del barri amb l\u2019\u00faltim en tecnologia, un equip\u00e0s de dentistes i les millors marques sempre. CONEIX-NOS MILLOR EQUIP GENT&nbsp;GUAY! Som una cl\u00ednica familiar del barri amb l\u2019\u00faltim en tecnologia, un equip\u00e0s de dentistes i les millors marques sempre. CONEIX-NOS MILLOR \u00c1ngel Herrera Atenci\u00f3 [&hellip;]<\/p>\n","protected":false},"author":1,"featured_media":0,"parent":0,"menu_order":0,"comment_status":"closed","ping_status":"closed","template":"","meta":{"inline_featured_image":false,"footnotes":""},"class_list":["post-1159","page","type-page","status-publish","hentry"],"yoast_head":"<!-- This site is optimized with the Yoast SEO plugin v26.8 - https:\/\/yoast.com\/product\/yoast-seo-wordpress\/ -->\n<title>Equip - Corident<\/title>\n<meta name=\"robots\" content=\"index, follow, max-snippet:-1, max-image-preview:large, max-video-preview:-1\" \/>\n<link rel=\"canonical\" href=\"https:\/\/corident.es\/equipo\/\" \/>\n<meta property=\"og:locale\" content=\"ca_ES\" \/>\n<meta property=\"og:type\" content=\"article\" \/>\n<meta property=\"og:title\" content=\"Equip - Corident\" \/>\n<meta property=\"og:description\" content=\"Equip UN EQUIP PER FER-TE SOMRIURE EQUIP GENT&nbsp;GUAY! Som una cl\u00ednica familiar del barri amb l\u2019\u00faltim en tecnologia, un equip\u00e0s de dentistes i les millors marques sempre. CONEIX-NOS MILLOR EQUIP GENT&nbsp;GUAY! Som una cl\u00ednica familiar del barri amb l\u2019\u00faltim en tecnologia, un equip\u00e0s de dentistes i les millors marques sempre. CONEIX-NOS MILLOR \u00c1ngel Herrera Atenci\u00f3 [&hellip;]\" \/>\n<meta property=\"og:url\" content=\"https:\/\/corident.es\/equipo\/\" \/>\n<meta property=\"og:site_name\" content=\"Corident\" \/>\n<meta property=\"article:modified_time\" content=\"2023-02-08T10:48:19+00:00\" \/>\n<meta property=\"og:image\" content=\"https:\/\/corident.es\/wp-content\/uploads\/2022\/10\/angel-team.jpg\" \/>\n<meta name=\"twitter:card\" content=\"summary_large_image\" \/>\n<meta name=\"twitter:label1\" content=\"Temps estimat de lectura\" \/>\n\t<meta name=\"twitter:data1\" content=\"1 minut\" \/>\n<script type=\"application\/ld+json\" class=\"yoast-schema-graph\">{\"@context\":\"https:\/\/schema.org\",\"@graph\":[{\"@type\":\"WebPage\",\"@id\":\"https:\/\/corident.es\/equipo\/\",\"url\":\"https:\/\/corident.es\/equipo\/\",\"name\":\"Equip - Corident\",\"isPartOf\":{\"@id\":\"https:\/\/corident.es\/#website\"},\"primaryImageOfPage\":{\"@id\":\"https:\/\/corident.es\/equipo\/#primaryimage\"},\"image\":{\"@id\":\"https:\/\/corident.es\/equipo\/#primaryimage\"},\"thumbnailUrl\":\"https:\/\/corident.es\/wp-content\/uploads\/2022\/10\/angel-team.jpg\",\"datePublished\":\"2021-09-03T09:31:54+00:00\",\"dateModified\":\"2023-02-08T10:48:19+00:00\",\"breadcrumb\":{\"@id\":\"https:\/\/corident.es\/equipo\/#breadcrumb\"},\"inLanguage\":\"ca\",\"potentialAction\":[{\"@type\":\"ReadAction\",\"target\":[\"https:\/\/corident.es\/equipo\/\"]}]},{\"@type\":\"ImageObject\",\"inLanguage\":\"ca\",\"@id\":\"https:\/\/corident.es\/equipo\/#primaryimage\",\"url\":\"https:\/\/corident.es\/wp-content\/uploads\/2022\/10\/angel-team.jpg\",\"contentUrl\":\"https:\/\/corident.es\/wp-content\/uploads\/2022\/10\/angel-team.jpg\"},{\"@type\":\"BreadcrumbList\",\"@id\":\"https:\/\/corident.es\/equipo\/#breadcrumb\",\"itemListElement\":[{\"@type\":\"ListItem\",\"position\":1,\"name\":\"Portada\",\"item\":\"https:\/\/corident.es\/\"},{\"@type\":\"ListItem\",\"position\":2,\"name\":\"Equip\"}]},{\"@type\":\"WebSite\",\"@id\":\"https:\/\/corident.es\/#website\",\"url\":\"https:\/\/corident.es\/\",\"name\":\"Corident\",\"description\":\"R\u00edete a carcajadas\",\"publisher\":{\"@id\":\"https:\/\/corident.es\/#organization\"},\"potentialAction\":[{\"@type\":\"SearchAction\",\"target\":{\"@type\":\"EntryPoint\",\"urlTemplate\":\"https:\/\/corident.es\/?s={search_term_string}\"},\"query-input\":{\"@type\":\"PropertyValueSpecification\",\"valueRequired\":true,\"valueName\":\"search_term_string\"}}],\"inLanguage\":\"ca\"},{\"@type\":\"Organization\",\"@id\":\"https:\/\/corident.es\/#organization\",\"name\":\"Corident\",\"url\":\"https:\/\/corident.es\/\",\"logo\":{\"@type\":\"ImageObject\",\"inLanguage\":\"ca\",\"@id\":\"https:\/\/corident.es\/#\/schema\/logo\/image\/\",\"url\":\"https:\/\/corident.es\/wp-content\/uploads\/2021\/07\/logotipo.svg\",\"contentUrl\":\"https:\/\/corident.es\/wp-content\/uploads\/2021\/07\/logotipo.svg\",\"width\":343,\"height\":100,\"caption\":\"Corident\"},\"image\":{\"@id\":\"https:\/\/corident.es\/#\/schema\/logo\/image\/\"}}]}<\/script>\n<!-- \/ Yoast SEO plugin. -->","yoast_head_json":{"title":"Equip - Corident","robots":{"index":"index","follow":"follow","max-snippet":"max-snippet:-1","max-image-preview":"max-image-preview:large","max-video-preview":"max-video-preview:-1"},"canonical":"https:\/\/corident.es\/equipo\/","og_locale":"ca_ES","og_type":"article","og_title":"Equip - Corident","og_description":"Equip UN EQUIP PER FER-TE SOMRIURE EQUIP GENT&nbsp;GUAY! Som una cl\u00ednica familiar del barri amb l\u2019\u00faltim en tecnologia, un equip\u00e0s de dentistes i les millors marques sempre. CONEIX-NOS MILLOR EQUIP GENT&nbsp;GUAY! Som una cl\u00ednica familiar del barri amb l\u2019\u00faltim en tecnologia, un equip\u00e0s de dentistes i les millors marques sempre. CONEIX-NOS MILLOR \u00c1ngel Herrera Atenci\u00f3 [&hellip;]","og_url":"https:\/\/corident.es\/equipo\/","og_site_name":"Corident","article_modified_time":"2023-02-08T10:48:19+00:00","og_image":[{"url":"https:\/\/corident.es\/wp-content\/uploads\/2022\/10\/angel-team.jpg","type":"","width":"","height":""}],"twitter_card":"summary_large_image","twitter_misc":{"Temps estimat de lectura":"1 minut"},"schema":{"@context":"https:\/\/schema.org","@graph":[{"@type":"WebPage","@id":"https:\/\/corident.es\/equipo\/","url":"https:\/\/corident.es\/equipo\/","name":"Equip - Corident","isPartOf":{"@id":"https:\/\/corident.es\/#website"},"primaryImageOfPage":{"@id":"https:\/\/corident.es\/equipo\/#primaryimage"},"image":{"@id":"https:\/\/corident.es\/equipo\/#primaryimage"},"thumbnailUrl":"https:\/\/corident.es\/wp-content\/uploads\/2022\/10\/angel-team.jpg","datePublished":"2021-09-03T09:31:54+00:00","dateModified":"2023-02-08T10:48:19+00:00","breadcrumb":{"@id":"https:\/\/corident.es\/equipo\/#breadcrumb"},"inLanguage":"ca","potentialAction":[{"@type":"ReadAction","target":["https:\/\/corident.es\/equipo\/"]}]},{"@type":"ImageObject","inLanguage":"ca","@id":"https:\/\/corident.es\/equipo\/#primaryimage","url":"https:\/\/corident.es\/wp-content\/uploads\/2022\/10\/angel-team.jpg","contentUrl":"https:\/\/corident.es\/wp-content\/uploads\/2022\/10\/angel-team.jpg"},{"@type":"BreadcrumbList","@id":"https:\/\/corident.es\/equipo\/#breadcrumb","itemListElement":[{"@type":"ListItem","position":1,"name":"Portada","item":"https:\/\/corident.es\/"},{"@type":"ListItem","position":2,"name":"Equip"}]},{"@type":"WebSite","@id":"https:\/\/corident.es\/#website","url":"https:\/\/corident.es\/","name":"Corident","description":"R\u00edete a carcajadas","publisher":{"@id":"https:\/\/corident.es\/#organization"},"potentialAction":[{"@type":"SearchAction","target":{"@type":"EntryPoint","urlTemplate":"https:\/\/corident.es\/?s={search_term_string}"},"query-input":{"@type":"PropertyValueSpecification","valueRequired":true,"valueName":"search_term_string"}}],"inLanguage":"ca"},{"@type":"Organization","@id":"https:\/\/corident.es\/#organization","name":"Corident","url":"https:\/\/corident.es\/","logo":{"@type":"ImageObject","inLanguage":"ca","@id":"https:\/\/corident.es\/#\/schema\/logo\/image\/","url":"https:\/\/corident.es\/wp-content\/uploads\/2021\/07\/logotipo.svg","contentUrl":"https:\/\/corident.es\/wp-content\/uploads\/2021\/07\/logotipo.svg","width":343,"height":100,"caption":"Corident"},"image":{"@id":"https:\/\/corident.es\/#\/schema\/logo\/image\/"}}]}},"_links":{"self":[{"href":"https:\/\/corident.es\/ca\/wp-json\/wp\/v2\/pages\/1159","targetHints":{"allow":["GET"]}}],"collection":[{"href":"https:\/\/corident.es\/ca\/wp-json\/wp\/v2\/pages"}],"about":[{"href":"https:\/\/corident.es\/ca\/wp-json\/wp\/v2\/types\/page"}],"author":[{"embeddable":true,"href":"https:\/\/corident.es\/ca\/wp-json\/wp\/v2\/users\/1"}],"replies":[{"embeddable":true,"href":"https:\/\/corident.es\/ca\/wp-json\/wp\/v2\/comments?post=1159"}],"version-history":[{"count":7,"href":"https:\/\/corident.es\/ca\/wp-json\/wp\/v2\/pages\/1159\/revisions"}],"predecessor-version":[{"id":1462,"href":"https:\/\/corident.es\/ca\/wp-json\/wp\/v2\/pages\/1159\/revisions\/1462"}],"wp:attachment":[{"href":"https:\/\/corident.es\/ca\/wp-json\/wp\/v2\/media?parent=1159"}],"curies":[{"name":"wp","href":"https:\/\/api.w.org\/{rel}","templated":true}]}}