{"id":1171,"date":"2021-08-18T11:33:25","date_gmt":"2021-08-18T09:33:25","guid":{"rendered":"https:\/\/corident.es\/endodoncia\/"},"modified":"2022-06-02T14:00:53","modified_gmt":"2022-06-02T12:00:53","slug":"endodoncia","status":"publish","type":"page","link":"https:\/\/corident.es\/ca\/endodoncia\/","title":{"rendered":"Endod\u00f2ncia"},"content":{"rendered":"\t\t<div data-elementor-type=\"wp-page\" data-elementor-id=\"1171\" class=\"elementor elementor-1171 elementor-165\" data-elementor-post-type=\"page\">\n\t\t\t\t\t\t<section class=\"elementor-section elementor-top-section elementor-element elementor-element-380c2721 elementor-section-height-min-height elementor-hidden-phone elementor-section-boxed elementor-section-height-default elementor-section-items-middle\" data-id=\"380c2721\" data-element_type=\"section\" data-settings=\"{&quot;background_background&quot;:&quot;classic&quot;,&quot;shape_divider_bottom&quot;:&quot;tilt&quot;}\">\n\t\t\t\t\t\t\t<div class=\"elementor-background-overlay\"><\/div>\n\t\t\t\t\t\t<div class=\"elementor-shape elementor-shape-bottom\" aria-hidden=\"true\" data-negative=\"false\">\n\t\t\t<svg xmlns=\"http:\/\/www.w3.org\/2000\/svg\" viewBox=\"0 0 1000 100\" preserveAspectRatio=\"none\">\n\t<path class=\"elementor-shape-fill\" d=\"M0,6V0h1000v100L0,6z\"\/>\n<\/svg>\t\t<\/div>\n\t\t\t\t\t<div class=\"elementor-container elementor-column-gap-default\">\n\t\t\t\t\t<div class=\"elementor-column elementor-col-50 elementor-top-column elementor-element elementor-element-695c2b6b\" data-id=\"695c2b6b\" data-element_type=\"column\">\n\t\t\t<div class=\"elementor-widget-wrap elementor-element-populated\">\n\t\t\t\t\t\t<div class=\"elementor-element elementor-element-4284f2f9 elementor-widget elementor-widget-heading\" data-id=\"4284f2f9\" data-element_type=\"widget\" data-widget_type=\"heading.default\">\n\t\t\t\t<div class=\"elementor-widget-container\">\n\t\t\t\t\t<h1 class=\"elementor-heading-title elementor-size-default\">Endod\u00f2ncia<\/h1>\t\t\t\t<\/div>\n\t\t\t\t<\/div>\n\t\t\t\t<div class=\"elementor-element elementor-element-605c8cb4 elementor-widget elementor-widget-heading\" data-id=\"605c8cb4\" data-element_type=\"widget\" data-widget_type=\"heading.default\">\n\t\t\t\t<div class=\"elementor-widget-container\">\n\t\t\t\t\t<p class=\"elementor-heading-title elementor-size-default\">NO POSIS DELS NERVIS LES TEVES DENTS!<\/p>\t\t\t\t<\/div>\n\t\t\t\t<\/div>\n\t\t\t\t<div class=\"elementor-element elementor-element-aa7947e elementor-widget elementor-widget-text-editor\" data-id=\"aa7947e\" data-element_type=\"widget\" data-widget_type=\"text-editor.default\">\n\t\t\t\t<div class=\"elementor-widget-container\">\n\t\t\t\t\t\t\t\t\t<p class=\"p1\">Com qualsevol part del cos, les dents tamb\u00e9 poden <strong>presentar alguna malaltia.<\/strong> A vegades, aquest tipus de patologia apareix sense previ avis i d\u2019altres, que son la gran majoria, apareixen per alguna cosa tan simple com una petita caries.<\/p>\r\n<p class=\"p1\">Per aix\u00f2 existeixen branques en la <strong>salut bucodental<\/strong> que ajuden a curar tot tipus de malalties dentals, com per exemple la endod\u00f2ncia.<\/p>\t\t\t\t\t\t\t\t<\/div>\n\t\t\t\t<\/div>\n\t\t\t\t<div class=\"elementor-element elementor-element-40c48a6 elementor-widget elementor-widget-spacer\" data-id=\"40c48a6\" data-element_type=\"widget\" data-widget_type=\"spacer.default\">\n\t\t\t\t<div class=\"elementor-widget-container\">\n\t\t\t\t\t\t\t<div class=\"elementor-spacer\">\n\t\t\t<div class=\"elementor-spacer-inner\"><\/div>\n\t\t<\/div>\n\t\t\t\t\t\t<\/div>\n\t\t\t\t<\/div>\n\t\t\t\t\t<\/div>\n\t\t<\/div>\n\t\t\t\t<div class=\"elementor-column elementor-col-50 elementor-top-column elementor-element elementor-element-3316182b\" data-id=\"3316182b\" data-element_type=\"column\">\n\t\t\t<div class=\"elementor-widget-wrap\">\n\t\t\t\t\t\t\t<\/div>\n\t\t<\/div>\n\t\t\t\t\t<\/div>\n\t\t<\/section>\n\t\t\t\t<section class=\"elementor-section elementor-top-section elementor-element elementor-element-4a649083 elementor-section-height-min-height elementor-hidden-desktop elementor-hidden-tablet elementor-section-boxed elementor-section-height-default elementor-section-items-middle\" data-id=\"4a649083\" data-element_type=\"section\" data-settings=\"{&quot;background_background&quot;:&quot;classic&quot;,&quot;shape_divider_bottom&quot;:&quot;tilt&quot;}\">\n\t\t\t\t\t\t\t<div class=\"elementor-background-overlay\"><\/div>\n\t\t\t\t\t\t<div class=\"elementor-shape elementor-shape-bottom\" aria-hidden=\"true\" data-negative=\"false\">\n\t\t\t<svg xmlns=\"http:\/\/www.w3.org\/2000\/svg\" viewBox=\"0 0 1000 100\" preserveAspectRatio=\"none\">\n\t<path class=\"elementor-shape-fill\" d=\"M0,6V0h1000v100L0,6z\"\/>\n<\/svg>\t\t<\/div>\n\t\t\t\t\t<div class=\"elementor-container elementor-column-gap-default\">\n\t\t\t\t\t<div class=\"elementor-column elementor-col-50 elementor-top-column elementor-element elementor-element-151f9825\" data-id=\"151f9825\" data-element_type=\"column\">\n\t\t\t<div class=\"elementor-widget-wrap elementor-element-populated\">\n\t\t\t\t\t\t<div class=\"elementor-element elementor-element-34e44815 elementor-widget elementor-widget-spacer\" data-id=\"34e44815\" data-element_type=\"widget\" data-widget_type=\"spacer.default\">\n\t\t\t\t<div class=\"elementor-widget-container\">\n\t\t\t\t\t\t\t<div class=\"elementor-spacer\">\n\t\t\t<div class=\"elementor-spacer-inner\"><\/div>\n\t\t<\/div>\n\t\t\t\t\t\t<\/div>\n\t\t\t\t<\/div>\n\t\t\t\t\t<\/div>\n\t\t<\/div>\n\t\t\t\t<div class=\"elementor-column elementor-col-50 elementor-top-column elementor-element elementor-element-ba79151\" data-id=\"ba79151\" data-element_type=\"column\">\n\t\t\t<div class=\"elementor-widget-wrap\">\n\t\t\t\t\t\t\t<\/div>\n\t\t<\/div>\n\t\t\t\t\t<\/div>\n\t\t<\/section>\n\t\t\t\t<section class=\"elementor-section elementor-top-section elementor-element elementor-element-3c80da4b elementor-hidden-desktop elementor-hidden-tablet elementor-section-boxed elementor-section-height-default elementor-section-height-default\" data-id=\"3c80da4b\" data-element_type=\"section\" data-settings=\"{&quot;background_background&quot;:&quot;classic&quot;,&quot;shape_divider_bottom&quot;:&quot;tilt&quot;}\">\n\t\t\t\t\t\t\t<div class=\"elementor-background-overlay\"><\/div>\n\t\t\t\t\t\t<div class=\"elementor-shape elementor-shape-bottom\" aria-hidden=\"true\" data-negative=\"false\">\n\t\t\t<svg xmlns=\"http:\/\/www.w3.org\/2000\/svg\" viewBox=\"0 0 1000 100\" preserveAspectRatio=\"none\">\n\t<path class=\"elementor-shape-fill\" d=\"M0,6V0h1000v100L0,6z\"\/>\n<\/svg>\t\t<\/div>\n\t\t\t\t\t<div class=\"elementor-container elementor-column-gap-default\">\n\t\t\t\t\t<div class=\"elementor-column elementor-col-100 elementor-top-column elementor-element elementor-element-1eac3ee6\" data-id=\"1eac3ee6\" data-element_type=\"column\">\n\t\t\t<div class=\"elementor-widget-wrap elementor-element-populated\">\n\t\t\t\t\t\t<div class=\"elementor-element elementor-element-6aae4b1e elementor-widget elementor-widget-heading\" data-id=\"6aae4b1e\" data-element_type=\"widget\" data-widget_type=\"heading.default\">\n\t\t\t\t<div class=\"elementor-widget-container\">\n\t\t\t\t\t<h2 class=\"elementor-heading-title elementor-size-default\">Endod\u00f2ncia<\/h2>\t\t\t\t<\/div>\n\t\t\t\t<\/div>\n\t\t\t\t<div class=\"elementor-element elementor-element-5c7f4cac elementor-widget elementor-widget-heading\" data-id=\"5c7f4cac\" data-element_type=\"widget\" data-widget_type=\"heading.default\">\n\t\t\t\t<div class=\"elementor-widget-container\">\n\t\t\t\t\t<p class=\"elementor-heading-title elementor-size-default\">NO POSIS DELS NERVIS LES TEVES DENTS!<\/p>\t\t\t\t<\/div>\n\t\t\t\t<\/div>\n\t\t\t\t<div class=\"elementor-element elementor-element-55596e8 elementor-widget elementor-widget-text-editor\" data-id=\"55596e8\" data-element_type=\"widget\" data-widget_type=\"text-editor.default\">\n\t\t\t\t<div class=\"elementor-widget-container\">\n\t\t\t\t\t\t\t\t\t<p class=\"p1\">Com qualsevol part del cos, les dents tamb\u00e9 poden <strong>presentar alguna malaltia.<\/strong> A vegades, aquest tipus de patologia apareix sense previ avis i d\u2019altres, que son la gran majoria, apareixen per alguna cosa tan simple com una petita caries.<\/p>\r\n<p class=\"p1\">Per aix\u00f2 existeixen branques en la <strong>salut bucodental<\/strong> que ajuden a curar tot tipus de malalties dentals, com per exemple la endod\u00f2ncia.<\/p>\t\t\t\t\t\t\t\t<\/div>\n\t\t\t\t<\/div>\n\t\t\t\t<div class=\"elementor-element elementor-element-7a29117e elementor-widget elementor-widget-spacer\" data-id=\"7a29117e\" data-element_type=\"widget\" data-widget_type=\"spacer.default\">\n\t\t\t\t<div class=\"elementor-widget-container\">\n\t\t\t\t\t\t\t<div class=\"elementor-spacer\">\n\t\t\t<div class=\"elementor-spacer-inner\"><\/div>\n\t\t<\/div>\n\t\t\t\t\t\t<\/div>\n\t\t\t\t<\/div>\n\t\t\t\t\t<\/div>\n\t\t<\/div>\n\t\t\t\t\t<\/div>\n\t\t<\/section>\n\t\t\t\t<section class=\"elementor-section elementor-top-section elementor-element elementor-element-71ae332a elementor-section-content-middle elementor-section-boxed elementor-section-height-default elementor-section-height-default\" data-id=\"71ae332a\" data-element_type=\"section\">\n\t\t\t\t\t\t<div class=\"elementor-container elementor-column-gap-default\">\n\t\t\t\t\t<div class=\"elementor-column elementor-col-50 elementor-top-column elementor-element elementor-element-32ce9ce0\" data-id=\"32ce9ce0\" data-element_type=\"column\">\n\t\t\t<div class=\"elementor-widget-wrap elementor-element-populated\">\n\t\t\t\t\t\t<div class=\"elementor-element elementor-element-2d25d5ab elementor-widget elementor-widget-image\" data-id=\"2d25d5ab\" data-element_type=\"widget\" data-widget_type=\"image.default\">\n\t\t\t\t<div class=\"elementor-widget-container\">\n\t\t\t\t\t\t\t\t\t\t\t\t\t\t\t<img fetchpriority=\"high\" decoding=\"async\" width=\"505\" height=\"571\" src=\"https:\/\/corident.es\/wp-content\/uploads\/2021\/08\/que-es-una-endodoncia.jpg\" class=\"attachment-full size-full wp-image-1065\" alt=\"\" srcset=\"https:\/\/corident.es\/wp-content\/uploads\/2021\/08\/que-es-una-endodoncia.jpg 505w, https:\/\/corident.es\/wp-content\/uploads\/2021\/08\/que-es-una-endodoncia-265x300.jpg 265w\" sizes=\"(max-width: 505px) 100vw, 505px\" \/>\t\t\t\t\t\t\t\t\t\t\t\t\t\t\t<\/div>\n\t\t\t\t<\/div>\n\t\t\t\t\t<\/div>\n\t\t<\/div>\n\t\t\t\t<div class=\"elementor-column elementor-col-50 elementor-top-column elementor-element elementor-element-43a828af\" data-id=\"43a828af\" data-element_type=\"column\">\n\t\t\t<div class=\"elementor-widget-wrap elementor-element-populated\">\n\t\t\t\t\t\t<div class=\"elementor-element elementor-element-25af866f elementor-widget elementor-widget-heading\" data-id=\"25af866f\" data-element_type=\"widget\" data-widget_type=\"heading.default\">\n\t\t\t\t<div class=\"elementor-widget-container\">\n\t\t\t\t\t<h2 class=\"elementor-heading-title elementor-size-default\">Que es la endod\u00f2ncia?<\/h2>\t\t\t\t<\/div>\n\t\t\t\t<\/div>\n\t\t\t\t<div class=\"elementor-element elementor-element-45767219 elementor-widget elementor-widget-text-editor\" data-id=\"45767219\" data-element_type=\"widget\" data-widget_type=\"text-editor.default\">\n\t\t\t\t<div class=\"elementor-widget-container\">\n\t\t\t\t\t\t\t\t\t<p class=\"p1\">La endod\u00f2ncia es la especialitat de la odontologia dedicada a la prevenci\u00f3, diagn\u00f2stic i <strong>tractament de les malalties de la polpa dental,<\/strong> es a dir, del nervi. Aquest tractament s\u2019engloba dins de la odontologia general.<\/p>\r\n<p class=\"p1\">La polpa dental es un teixit que esta dintre de la dent i que conte tots els nervis i vasos sanguinis. Aix\u00f2 es el que causa el desenvolupament de la dent. Quan aquesta polpa es <strong>lesiona o es posa malalta<\/strong> i no es pot reparar, s\u2019inflama i es termina morint.<\/p>\r\n<p class=\"p1\">Per\u00f2, com es pot arribar aquest extrem? No necess\u00e0riament te que provenir d\u2019alguna cosa greu. Al contrari, normalment es una cosa molt senzilla que es va complicant. Per exemple, una <strong>caries profunda o una fractura de la dent.<span class=\"Apple-converted-space\">\u00a0<\/span><\/strong><\/p>\r\n<p class=\"p1\">La endod\u00f2ncia, per tant, es l\u2019ultima opci\u00f3 abans de que el pacient pugui perdre la pe\u00e7a dental. Pot semblar una t\u00e8cnica complexa per\u00f2 es tot lo contrari per un professional de la odontologia. Per realitzar una endod\u00f2ncia es necessari:<\/p>\r\n\r\n<ul>\r\n \t<li class=\"p1\"><strong>Aplicar anestesia<\/strong> en la zona del dolor.<\/li>\r\n \t<li class=\"p1\"><strong>Realitzar un petit forat<\/strong> en la part superior de la dent.<\/li>\r\n \t<li class=\"p1\">A partir d\u2019aqu\u00ed, <strong>accedir a la polpa i extreure<\/strong> el que esta danyat<\/li>\r\n \t<li class=\"p1\">Es <strong>neteja<\/strong> el conducte i es sellera el forat.<\/li>\r\n<\/ul>\r\n<p class=\"p1\">Despr\u00e9s queda l\u2019atenci\u00f3 i manteniment acudint al teu dentista quan ho demani.<\/p>\t\t\t\t\t\t\t\t<\/div>\n\t\t\t\t<\/div>\n\t\t\t\t\t<\/div>\n\t\t<\/div>\n\t\t\t\t\t<\/div>\n\t\t<\/section>\n\t\t\t\t<section class=\"elementor-section elementor-top-section elementor-element elementor-element-7589a924 elementor-reverse-mobile elementor-section-boxed elementor-section-height-default elementor-section-height-default\" data-id=\"7589a924\" data-element_type=\"section\">\n\t\t\t\t\t\t<div class=\"elementor-container elementor-column-gap-default\">\n\t\t\t\t\t<div class=\"elementor-column elementor-col-50 elementor-top-column elementor-element elementor-element-10abb513\" data-id=\"10abb513\" data-element_type=\"column\">\n\t\t\t<div class=\"elementor-widget-wrap elementor-element-populated\">\n\t\t\t\t\t\t<div class=\"elementor-element elementor-element-7b0bf70 elementor-widget elementor-widget-heading\" data-id=\"7b0bf70\" data-element_type=\"widget\" data-widget_type=\"heading.default\">\n\t\t\t\t<div class=\"elementor-widget-container\">\n\t\t\t\t\t<h2 class=\"elementor-heading-title elementor-size-default\"><span class=\"texto-borde\"> SI ARRIBAS AQUEST EXTREM<\/span> <br \/>CORIDENT ES EL TEU LLOC<\/h2>\t\t\t\t<\/div>\n\t\t\t\t<\/div>\n\t\t\t\t<div class=\"elementor-element elementor-element-5408236c elementor-widget elementor-widget-text-editor\" data-id=\"5408236c\" data-element_type=\"widget\" data-widget_type=\"text-editor.default\">\n\t\t\t\t<div class=\"elementor-widget-container\">\n\t\t\t\t\t\t\t\t\t<p class=\"p1\">Per no portar al extrem el teu somriure, es necessari la realitzaci\u00f3 de visites cada cert temps al dentista. En concret, al teu odont\u00f2leg general.<\/p>\r\n<p class=\"p1\">A <strong>Corident<\/strong> retornem la <strong>salut de les teves dents al 100%<\/strong> amb els nostres professionals. Per\u00f2 no nomes en la salut, tamb\u00e9 en les funcions est\u00e8tiques i les de poder mastegar sense cap problema. En altres paraules, amb nosaltres la teva endod\u00f2ncia nomes ser\u00e0 una an\u00e8cdota mes que explicar.<\/p>\t\t\t\t\t\t\t\t<\/div>\n\t\t\t\t<\/div>\n\t\t\t\t\t<\/div>\n\t\t<\/div>\n\t\t\t\t<div class=\"elementor-column elementor-col-50 elementor-top-column elementor-element elementor-element-489521dd\" data-id=\"489521dd\" data-element_type=\"column\">\n\t\t\t<div class=\"elementor-widget-wrap elementor-element-populated\">\n\t\t\t\t\t\t<div class=\"elementor-element elementor-element-5335d863 elementor-widget elementor-widget-image\" data-id=\"5335d863\" data-element_type=\"widget\" data-widget_type=\"image.default\">\n\t\t\t\t<div class=\"elementor-widget-container\">\n\t\t\t\t\t\t\t\t\t\t\t\t\t\t\t<img decoding=\"async\" width=\"800\" height=\"572\" src=\"https:\/\/corident.es\/wp-content\/uploads\/2021\/08\/especialistas-endodoncia.jpg\" class=\"attachment-large size-large wp-image-1064\" alt=\"\" srcset=\"https:\/\/corident.es\/wp-content\/uploads\/2021\/08\/especialistas-endodoncia.jpg 883w, https:\/\/corident.es\/wp-content\/uploads\/2021\/08\/especialistas-endodoncia-300x214.jpg 300w, https:\/\/corident.es\/wp-content\/uploads\/2021\/08\/especialistas-endodoncia-768x549.jpg 768w\" sizes=\"(max-width: 800px) 100vw, 800px\" \/>\t\t\t\t\t\t\t\t\t\t\t\t\t\t\t<\/div>\n\t\t\t\t<\/div>\n\t\t\t\t\t<\/div>\n\t\t<\/div>\n\t\t\t\t\t<\/div>\n\t\t<\/section>\n\t\t\t\t<\/div>\n\t\t","protected":false},"excerpt":{"rendered":"<p>Endod\u00f2ncia NO POSIS DELS NERVIS LES TEVES DENTS! Com qualsevol part del cos, les dents tamb\u00e9 poden presentar alguna malaltia. A vegades, aquest tipus de patologia apareix sense previ avis i d\u2019altres, que son la gran majoria, apareixen per alguna cosa tan simple com una petita caries. Per aix\u00f2 existeixen branques en la salut bucodental [&hellip;]<\/p>\n","protected":false},"author":1,"featured_media":0,"parent":0,"menu_order":0,"comment_status":"closed","ping_status":"closed","template":"","meta":{"inline_featured_image":false,"footnotes":""},"class_list":["post-1171","page","type-page","status-publish","hentry"],"yoast_head":"<!-- This site is optimized with the Yoast SEO plugin v26.8 - https:\/\/yoast.com\/product\/yoast-seo-wordpress\/ -->\n<title>Endod\u00f2ncia - Corident<\/title>\n<meta name=\"robots\" content=\"index, follow, max-snippet:-1, max-image-preview:large, max-video-preview:-1\" \/>\n<link rel=\"canonical\" href=\"https:\/\/corident.es\/endodoncia\/\" \/>\n<meta property=\"og:locale\" content=\"ca_ES\" \/>\n<meta property=\"og:type\" content=\"article\" \/>\n<meta property=\"og:title\" content=\"Endod\u00f2ncia - Corident\" \/>\n<meta property=\"og:description\" content=\"Endod\u00f2ncia NO POSIS DELS NERVIS LES TEVES DENTS! Com qualsevol part del cos, les dents tamb\u00e9 poden presentar alguna malaltia. A vegades, aquest tipus de patologia apareix sense previ avis i d\u2019altres, que son la gran majoria, apareixen per alguna cosa tan simple com una petita caries. Per aix\u00f2 existeixen branques en la salut bucodental [&hellip;]\" \/>\n<meta property=\"og:url\" content=\"https:\/\/corident.es\/endodoncia\/\" \/>\n<meta property=\"og:site_name\" content=\"Corident\" \/>\n<meta property=\"article:modified_time\" content=\"2022-06-02T12:00:53+00:00\" \/>\n<meta property=\"og:image\" content=\"https:\/\/corident.es\/wp-content\/uploads\/2021\/08\/que-es-una-endodoncia.jpg\" \/>\n<meta name=\"twitter:card\" content=\"summary_large_image\" \/>\n<meta name=\"twitter:label1\" content=\"Temps estimat de lectura\" \/>\n\t<meta name=\"twitter:data1\" content=\"2 minuts\" \/>\n<script type=\"application\/ld+json\" class=\"yoast-schema-graph\">{\"@context\":\"https:\/\/schema.org\",\"@graph\":[{\"@type\":\"WebPage\",\"@id\":\"https:\/\/corident.es\/endodoncia\/\",\"url\":\"https:\/\/corident.es\/endodoncia\/\",\"name\":\"Endod\u00f2ncia - Corident\",\"isPartOf\":{\"@id\":\"https:\/\/corident.es\/#website\"},\"primaryImageOfPage\":{\"@id\":\"https:\/\/corident.es\/endodoncia\/#primaryimage\"},\"image\":{\"@id\":\"https:\/\/corident.es\/endodoncia\/#primaryimage\"},\"thumbnailUrl\":\"https:\/\/corident.es\/wp-content\/uploads\/2021\/08\/que-es-una-endodoncia.jpg\",\"datePublished\":\"2021-08-18T09:33:25+00:00\",\"dateModified\":\"2022-06-02T12:00:53+00:00\",\"breadcrumb\":{\"@id\":\"https:\/\/corident.es\/endodoncia\/#breadcrumb\"},\"inLanguage\":\"ca\",\"potentialAction\":[{\"@type\":\"ReadAction\",\"target\":[\"https:\/\/corident.es\/endodoncia\/\"]}]},{\"@type\":\"ImageObject\",\"inLanguage\":\"ca\",\"@id\":\"https:\/\/corident.es\/endodoncia\/#primaryimage\",\"url\":\"https:\/\/corident.es\/wp-content\/uploads\/2021\/08\/que-es-una-endodoncia.jpg\",\"contentUrl\":\"https:\/\/corident.es\/wp-content\/uploads\/2021\/08\/que-es-una-endodoncia.jpg\"},{\"@type\":\"BreadcrumbList\",\"@id\":\"https:\/\/corident.es\/endodoncia\/#breadcrumb\",\"itemListElement\":[{\"@type\":\"ListItem\",\"position\":1,\"name\":\"Portada\",\"item\":\"https:\/\/corident.es\/\"},{\"@type\":\"ListItem\",\"position\":2,\"name\":\"Endod\u00f2ncia\"}]},{\"@type\":\"WebSite\",\"@id\":\"https:\/\/corident.es\/#website\",\"url\":\"https:\/\/corident.es\/\",\"name\":\"Corident\",\"description\":\"R\u00edete a carcajadas\",\"publisher\":{\"@id\":\"https:\/\/corident.es\/#organization\"},\"potentialAction\":[{\"@type\":\"SearchAction\",\"target\":{\"@type\":\"EntryPoint\",\"urlTemplate\":\"https:\/\/corident.es\/?s={search_term_string}\"},\"query-input\":{\"@type\":\"PropertyValueSpecification\",\"valueRequired\":true,\"valueName\":\"search_term_string\"}}],\"inLanguage\":\"ca\"},{\"@type\":\"Organization\",\"@id\":\"https:\/\/corident.es\/#organization\",\"name\":\"Corident\",\"url\":\"https:\/\/corident.es\/\",\"logo\":{\"@type\":\"ImageObject\",\"inLanguage\":\"ca\",\"@id\":\"https:\/\/corident.es\/#\/schema\/logo\/image\/\",\"url\":\"https:\/\/corident.es\/wp-content\/uploads\/2021\/07\/logotipo.svg\",\"contentUrl\":\"https:\/\/corident.es\/wp-content\/uploads\/2021\/07\/logotipo.svg\",\"width\":343,\"height\":100,\"caption\":\"Corident\"},\"image\":{\"@id\":\"https:\/\/corident.es\/#\/schema\/logo\/image\/\"}}]}<\/script>\n<!-- \/ Yoast SEO plugin. -->","yoast_head_json":{"title":"Endod\u00f2ncia - Corident","robots":{"index":"index","follow":"follow","max-snippet":"max-snippet:-1","max-image-preview":"max-image-preview:large","max-video-preview":"max-video-preview:-1"},"canonical":"https:\/\/corident.es\/endodoncia\/","og_locale":"ca_ES","og_type":"article","og_title":"Endod\u00f2ncia - Corident","og_description":"Endod\u00f2ncia NO POSIS DELS NERVIS LES TEVES DENTS! Com qualsevol part del cos, les dents tamb\u00e9 poden presentar alguna malaltia. A vegades, aquest tipus de patologia apareix sense previ avis i d\u2019altres, que son la gran majoria, apareixen per alguna cosa tan simple com una petita caries. Per aix\u00f2 existeixen branques en la salut bucodental [&hellip;]","og_url":"https:\/\/corident.es\/endodoncia\/","og_site_name":"Corident","article_modified_time":"2022-06-02T12:00:53+00:00","og_image":[{"url":"https:\/\/corident.es\/wp-content\/uploads\/2021\/08\/que-es-una-endodoncia.jpg","type":"","width":"","height":""}],"twitter_card":"summary_large_image","twitter_misc":{"Temps estimat de lectura":"2 minuts"},"schema":{"@context":"https:\/\/schema.org","@graph":[{"@type":"WebPage","@id":"https:\/\/corident.es\/endodoncia\/","url":"https:\/\/corident.es\/endodoncia\/","name":"Endod\u00f2ncia - Corident","isPartOf":{"@id":"https:\/\/corident.es\/#website"},"primaryImageOfPage":{"@id":"https:\/\/corident.es\/endodoncia\/#primaryimage"},"image":{"@id":"https:\/\/corident.es\/endodoncia\/#primaryimage"},"thumbnailUrl":"https:\/\/corident.es\/wp-content\/uploads\/2021\/08\/que-es-una-endodoncia.jpg","datePublished":"2021-08-18T09:33:25+00:00","dateModified":"2022-06-02T12:00:53+00:00","breadcrumb":{"@id":"https:\/\/corident.es\/endodoncia\/#breadcrumb"},"inLanguage":"ca","potentialAction":[{"@type":"ReadAction","target":["https:\/\/corident.es\/endodoncia\/"]}]},{"@type":"ImageObject","inLanguage":"ca","@id":"https:\/\/corident.es\/endodoncia\/#primaryimage","url":"https:\/\/corident.es\/wp-content\/uploads\/2021\/08\/que-es-una-endodoncia.jpg","contentUrl":"https:\/\/corident.es\/wp-content\/uploads\/2021\/08\/que-es-una-endodoncia.jpg"},{"@type":"BreadcrumbList","@id":"https:\/\/corident.es\/endodoncia\/#breadcrumb","itemListElement":[{"@type":"ListItem","position":1,"name":"Portada","item":"https:\/\/corident.es\/"},{"@type":"ListItem","position":2,"name":"Endod\u00f2ncia"}]},{"@type":"WebSite","@id":"https:\/\/corident.es\/#website","url":"https:\/\/corident.es\/","name":"Corident","description":"R\u00edete a carcajadas","publisher":{"@id":"https:\/\/corident.es\/#organization"},"potentialAction":[{"@type":"SearchAction","target":{"@type":"EntryPoint","urlTemplate":"https:\/\/corident.es\/?s={search_term_string}"},"query-input":{"@type":"PropertyValueSpecification","valueRequired":true,"valueName":"search_term_string"}}],"inLanguage":"ca"},{"@type":"Organization","@id":"https:\/\/corident.es\/#organization","name":"Corident","url":"https:\/\/corident.es\/","logo":{"@type":"ImageObject","inLanguage":"ca","@id":"https:\/\/corident.es\/#\/schema\/logo\/image\/","url":"https:\/\/corident.es\/wp-content\/uploads\/2021\/07\/logotipo.svg","contentUrl":"https:\/\/corident.es\/wp-content\/uploads\/2021\/07\/logotipo.svg","width":343,"height":100,"caption":"Corident"},"image":{"@id":"https:\/\/corident.es\/#\/schema\/logo\/image\/"}}]}},"_links":{"self":[{"href":"https:\/\/corident.es\/ca\/wp-json\/wp\/v2\/pages\/1171","targetHints":{"allow":["GET"]}}],"collection":[{"href":"https:\/\/corident.es\/ca\/wp-json\/wp\/v2\/pages"}],"about":[{"href":"https:\/\/corident.es\/ca\/wp-json\/wp\/v2\/types\/page"}],"author":[{"embeddable":true,"href":"https:\/\/corident.es\/ca\/wp-json\/wp\/v2\/users\/1"}],"replies":[{"embeddable":true,"href":"https:\/\/corident.es\/ca\/wp-json\/wp\/v2\/comments?post=1171"}],"version-history":[{"count":1,"href":"https:\/\/corident.es\/ca\/wp-json\/wp\/v2\/pages\/1171\/revisions"}],"predecessor-version":[{"id":1172,"href":"https:\/\/corident.es\/ca\/wp-json\/wp\/v2\/pages\/1171\/revisions\/1172"}],"wp:attachment":[{"href":"https:\/\/corident.es\/ca\/wp-json\/wp\/v2\/media?parent=1171"}],"curies":[{"name":"wp","href":"https:\/\/api.w.org\/{rel}","templated":true}]}}