{"id":1202,"date":"2021-12-21T11:46:36","date_gmt":"2021-12-21T10:46:36","guid":{"rendered":"https:\/\/corident.es\/politica-de-cookies\/"},"modified":"2022-06-16T12:05:28","modified_gmt":"2022-06-16T10:05:28","slug":"politica-de-cookies","status":"publish","type":"page","link":"https:\/\/corident.es\/ca\/politica-de-cookies\/","title":{"rendered":"Politica de cookies\u00a0"},"content":{"rendered":"\t\t<div data-elementor-type=\"wp-page\" data-elementor-id=\"1202\" class=\"elementor elementor-1202 elementor-473\" data-elementor-post-type=\"page\">\n\t\t\t\t\t\t<section class=\"elementor-section elementor-top-section elementor-element elementor-element-29c2cdd5 elementor-section-boxed elementor-section-height-default elementor-section-height-default\" data-id=\"29c2cdd5\" data-element_type=\"section\">\n\t\t\t\t\t\t<div class=\"elementor-container elementor-column-gap-default\">\n\t\t\t\t\t<div class=\"elementor-column elementor-col-100 elementor-top-column elementor-element elementor-element-4820a617\" data-id=\"4820a617\" data-element_type=\"column\">\n\t\t\t<div class=\"elementor-widget-wrap elementor-element-populated\">\n\t\t\t\t\t\t<div class=\"elementor-element elementor-element-43e7db3 elementor-widget elementor-widget-text-editor\" data-id=\"43e7db3\" data-element_type=\"widget\" data-widget_type=\"text-editor.default\">\n\t\t\t\t<div class=\"elementor-widget-container\">\n\t\t\t\t\t\t\t\t\t<strong>\u00a0<\/strong>\r\n<h1><strong>Politica de Cookies<\/strong><\/h1>\r\n<strong>\u00a0<\/strong>\r\n\r\n<p><strong>Concepte de Cookies<\/strong><\/p>\r\n\r\n<p>Les cookies constitueixen unes eines empleades per els serveis Web per emmagatzemar i recuperar informaci\u00f3 dels seus visitants o usuaris. No es m\u00e9s que un fitxer de text que alguns servidors instal\u00b7len durant la navegaci\u00f3 i que donen a con\u00e8ixer informaci\u00f3 como per exemple: el lloc des de on s\u2019accedeix, el temps de connexi\u00f3, el dispositiu des de el que s\u2019accedeix (fixe o m\u00f2bil), el sistema operatiu i navegador utilitzats, les pagines m\u00e9s visitades, el numero de clics realitzats i les dades respecte al comportament del usuari en Internet. No proporcionen referencies que permetin deduir el nom i cognoms del usuari i no poden llegir dades del seu disc dur ni incloure virus en els seus equips. Aix\u00ed mateix, no poden llegir les cookies implantades en el disc dur del usuari des de altres servidors.<\/p>\r\n<p><strong>Per que son importants?<\/strong><\/p>\r\n<p>La pagina web es accessible sense necessitat de que les cookies estiguin actives, si b\u00e9, la seva desactivaci\u00f3 pot impedir el seu funcionament correcte.<\/p>\r\n<p>Des de un punt de vista t\u00e8cnic les cookies permeten que les pagines webs funcionen de forma m\u00e9s \u00e0gil i adaptada a les prefer\u00e8ncies dels usuaris, com per exemple emmagatzemar l\u2019idioma, la moneda del pa\u00eds o detectar el dispositiu d\u2019acc\u00e9s.<\/p>\r\n<p>Establint nivells de protecci\u00f3 i seguretat que Impedeixen o dificultin ciberatacs contra la pagina web o els seus usuaris.<\/p>\r\n<p>Permeten que els gestors dels medis puguin con\u00e8ixer les dades estad\u00edstiques recopilades per millorar la qualitat i experi\u00e8ncia del seus serveis.<\/p>\r\n<p>Serveixen per optimitzar la publicitat que mostrem als usuaris, oferint el que m\u00e9s s\u2019ajusti als seus interessos.<\/p>\r\n<p><strong>Autoritzaci\u00f3 per el us de cookies<\/strong><\/p>\r\n<p>A la pagina web apareix un <strong>Avis de Cookies<\/strong> que l\u2019usuari o visitant pot acceptar, consentint expressament l\u2019\u00fas de les cookies segons s\u2019indica a continuaci\u00f3:<\/p>\r\n<p>L\u2019usuari pot configurar el seu navegador per rebutjar per defecte totes les cookies o per rebre un avis a la pantalla de la recepci\u00f3 de cada cookie i decidir sobre la seva instal\u00b7laci\u00f3 o no al seu disc dur.<\/p>\r\n<p><strong>Configuraci\u00f3 del navegador<\/strong><\/p>\r\n<p>BCNCORIDENT S.L. recorda als seus usuaris que l\u2019\u00fas de cookies podr\u00e0 estar subjecte a la seva acceptaci\u00f3 durant l\u2019instal\u00b7la cio o actualitzaci\u00f3 del navegador utilitzat per aquests.<\/p>\r\n<p>Aquesta acceptaci\u00f3 podr\u00e0 ser renovada mediant les opcions de configuraci\u00f3 de continguts i privacitat disponibles en el mateix. El Titular recomana als seus usuaris que consultin l\u2019ajuda del seu navegador o accedeixin a les pagines web d\u2019ajuda dels principals navegadors: Firefox, Internet Explorer, Safari, Chrome.<\/p>\r\n<p>Si desitja m\u00e9s informaci\u00f3 referent a com revocar el consentiment prestat o sobre el procediment per des habilitar les cookies, aix\u00ed com realitzar alguna pregunta sobre la Pol\u00edtica de Cookies, pot contactar amb el titular a traves de la seg\u00fcent direcci\u00f3 de correu electr\u00f2nic <a href=\"mailto:clinica@corident.es\"><span>clinica@corident.es<\/span><\/a> indicant \u201cPol\u00edtica de Cookies\u201d a l\u2019assumpte.<\/p>\r\n<p><strong>Tipus de Cookies que s\u2019utilitzen a la Web<\/strong><\/p>\r\n<p>L\u2019usuari que navega per la Web pot trobar-se cookies inserta des directament per el titular, o be cookies per entitats diferents al titular, segons el detallat en les seg\u00fcents apartats.<\/p>\r\n\r\n<ul>\r\n \t<li><strong>Cookies de sessi\u00f3<\/strong>, expiren quan el usuari abandona la pagina o tanca el navegador, es a dir, estan actives mentre dura la visita a la web i per tant son eliminades del nostre ordinador al abandonar-ho.<\/li>\r\n \t<li><strong>Cookies permanents<\/strong>, expiren quan es compleixen el objectiu per el que serveixen o b\u00e9 quan s\u2019eliminen manualment, tenen data de eliminar i s\u2019utilitzen normalment en proc\u00e9s de compra online, personalitzacions o en el registre, per no tenir que introduir una contrasenya constantment.<\/li>\r\n<\/ul>\r\n<p>Segons l\u2019entitat que gestiona l\u2019equip o domini des de on s\u2019envien les cookies i tracta les dades que s\u2019obtenen, podem distingir entre Cookies pr\u00f2pies i de tercers.<\/p>\r\n\r\n<ul>\r\n \t<li><strong>Cookies pr\u00f2pies<\/strong> son aquelles cookies que son enviades a l\u2019ordinador del usuari i son gestionades exclusivament per nosaltres per el millor funcionament de la Pagina Web. L\u2019 informaci\u00f3 que recau dem s\u2019empra per millorar la qualitat del nostre servei o la teva experi\u00e8ncia com usuari.<\/li>\r\n \t<li><strong>Cookies de tercers<\/strong>, quan l\u2019usuari interactua amb el contingut de la nostra pagina Web tamb\u00e9 poden establir cookies de tercers (per exemple, al clicar botons de reds socials o visionar v\u00eddeos allotjats en una altre pagina web), que son aquelles establertes per un domini diferent de la nostre pagina web. No podem accedir a les dades emmagatzemades a les cookies d\u2019altres pagines webs quan naveguis en els citades pagines web.<\/li>\r\n<\/ul>\t\t\t\t\t\t\t\t<\/div>\n\t\t\t\t<\/div>\n\t\t\t\t\t<\/div>\n\t\t<\/div>\n\t\t\t\t\t<\/div>\n\t\t<\/section>\n\t\t\t\t<\/div>\n\t\t","protected":false},"excerpt":{"rendered":"<p>\u00a0 Politica de Cookies \u00a0 Concepte de Cookies Les cookies constitueixen unes eines empleades per els serveis Web per emmagatzemar i recuperar informaci\u00f3 dels seus visitants o usuaris. No es m\u00e9s que un fitxer de text que alguns servidors instal\u00b7len durant la navegaci\u00f3 i que donen a con\u00e8ixer informaci\u00f3 como per exemple: el lloc des [&hellip;]<\/p>\n","protected":false},"author":1,"featured_media":0,"parent":0,"menu_order":0,"comment_status":"closed","ping_status":"closed","template":"","meta":{"inline_featured_image":false,"footnotes":""},"class_list":["post-1202","page","type-page","status-publish","hentry"],"yoast_head":"<!-- This site is optimized with the Yoast SEO plugin v26.8 - https:\/\/yoast.com\/product\/yoast-seo-wordpress\/ -->\n<title>Politica de cookies\u00a0 - Corident<\/title>\n<meta name=\"robots\" content=\"noindex, nofollow\" \/>\n<meta property=\"og:locale\" content=\"ca_ES\" \/>\n<meta property=\"og:type\" content=\"article\" \/>\n<meta property=\"og:title\" content=\"Politica de cookies\u00a0 - Corident\" \/>\n<meta property=\"og:description\" content=\"\u00a0 Politica de Cookies \u00a0 Concepte de Cookies Les cookies constitueixen unes eines empleades per els serveis Web per emmagatzemar i recuperar informaci\u00f3 dels seus visitants o usuaris. No es m\u00e9s que un fitxer de text que alguns servidors instal\u00b7len durant la navegaci\u00f3 i que donen a con\u00e8ixer informaci\u00f3 como per exemple: el lloc des [&hellip;]\" \/>\n<meta property=\"og:url\" content=\"https:\/\/corident.es\/politica-de-cookies\/\" \/>\n<meta property=\"og:site_name\" content=\"Corident\" \/>\n<meta property=\"article:modified_time\" content=\"2022-06-16T10:05:28+00:00\" \/>\n<meta name=\"twitter:card\" content=\"summary_large_image\" \/>\n<meta name=\"twitter:label1\" content=\"Temps estimat de lectura\" \/>\n\t<meta name=\"twitter:data1\" content=\"4 minuts\" \/>\n<script type=\"application\/ld+json\" class=\"yoast-schema-graph\">{\"@context\":\"https:\/\/schema.org\",\"@graph\":[{\"@type\":\"WebPage\",\"@id\":\"https:\/\/corident.es\/politica-de-cookies\/\",\"url\":\"https:\/\/corident.es\/politica-de-cookies\/\",\"name\":\"Politica de cookies\u00a0 - Corident\",\"isPartOf\":{\"@id\":\"https:\/\/corident.es\/#website\"},\"datePublished\":\"2021-12-21T10:46:36+00:00\",\"dateModified\":\"2022-06-16T10:05:28+00:00\",\"breadcrumb\":{\"@id\":\"https:\/\/corident.es\/politica-de-cookies\/#breadcrumb\"},\"inLanguage\":\"ca\",\"potentialAction\":[{\"@type\":\"ReadAction\",\"target\":[\"https:\/\/corident.es\/politica-de-cookies\/\"]}]},{\"@type\":\"BreadcrumbList\",\"@id\":\"https:\/\/corident.es\/politica-de-cookies\/#breadcrumb\",\"itemListElement\":[{\"@type\":\"ListItem\",\"position\":1,\"name\":\"Portada\",\"item\":\"https:\/\/corident.es\/\"},{\"@type\":\"ListItem\",\"position\":2,\"name\":\"Politica de cookies\u00a0\"}]},{\"@type\":\"WebSite\",\"@id\":\"https:\/\/corident.es\/#website\",\"url\":\"https:\/\/corident.es\/\",\"name\":\"Corident\",\"description\":\"R\u00edete a carcajadas\",\"publisher\":{\"@id\":\"https:\/\/corident.es\/#organization\"},\"potentialAction\":[{\"@type\":\"SearchAction\",\"target\":{\"@type\":\"EntryPoint\",\"urlTemplate\":\"https:\/\/corident.es\/?s={search_term_string}\"},\"query-input\":{\"@type\":\"PropertyValueSpecification\",\"valueRequired\":true,\"valueName\":\"search_term_string\"}}],\"inLanguage\":\"ca\"},{\"@type\":\"Organization\",\"@id\":\"https:\/\/corident.es\/#organization\",\"name\":\"Corident\",\"url\":\"https:\/\/corident.es\/\",\"logo\":{\"@type\":\"ImageObject\",\"inLanguage\":\"ca\",\"@id\":\"https:\/\/corident.es\/#\/schema\/logo\/image\/\",\"url\":\"https:\/\/corident.es\/wp-content\/uploads\/2021\/07\/logotipo.svg\",\"contentUrl\":\"https:\/\/corident.es\/wp-content\/uploads\/2021\/07\/logotipo.svg\",\"width\":343,\"height\":100,\"caption\":\"Corident\"},\"image\":{\"@id\":\"https:\/\/corident.es\/#\/schema\/logo\/image\/\"}}]}<\/script>\n<!-- \/ Yoast SEO plugin. -->","yoast_head_json":{"title":"Politica de cookies\u00a0 - Corident","robots":{"index":"noindex","follow":"nofollow"},"og_locale":"ca_ES","og_type":"article","og_title":"Politica de cookies\u00a0 - Corident","og_description":"\u00a0 Politica de Cookies \u00a0 Concepte de Cookies Les cookies constitueixen unes eines empleades per els serveis Web per emmagatzemar i recuperar informaci\u00f3 dels seus visitants o usuaris. No es m\u00e9s que un fitxer de text que alguns servidors instal\u00b7len durant la navegaci\u00f3 i que donen a con\u00e8ixer informaci\u00f3 como per exemple: el lloc des [&hellip;]","og_url":"https:\/\/corident.es\/politica-de-cookies\/","og_site_name":"Corident","article_modified_time":"2022-06-16T10:05:28+00:00","twitter_card":"summary_large_image","twitter_misc":{"Temps estimat de lectura":"4 minuts"},"schema":{"@context":"https:\/\/schema.org","@graph":[{"@type":"WebPage","@id":"https:\/\/corident.es\/politica-de-cookies\/","url":"https:\/\/corident.es\/politica-de-cookies\/","name":"Politica de cookies\u00a0 - Corident","isPartOf":{"@id":"https:\/\/corident.es\/#website"},"datePublished":"2021-12-21T10:46:36+00:00","dateModified":"2022-06-16T10:05:28+00:00","breadcrumb":{"@id":"https:\/\/corident.es\/politica-de-cookies\/#breadcrumb"},"inLanguage":"ca","potentialAction":[{"@type":"ReadAction","target":["https:\/\/corident.es\/politica-de-cookies\/"]}]},{"@type":"BreadcrumbList","@id":"https:\/\/corident.es\/politica-de-cookies\/#breadcrumb","itemListElement":[{"@type":"ListItem","position":1,"name":"Portada","item":"https:\/\/corident.es\/"},{"@type":"ListItem","position":2,"name":"Politica de cookies\u00a0"}]},{"@type":"WebSite","@id":"https:\/\/corident.es\/#website","url":"https:\/\/corident.es\/","name":"Corident","description":"R\u00edete a carcajadas","publisher":{"@id":"https:\/\/corident.es\/#organization"},"potentialAction":[{"@type":"SearchAction","target":{"@type":"EntryPoint","urlTemplate":"https:\/\/corident.es\/?s={search_term_string}"},"query-input":{"@type":"PropertyValueSpecification","valueRequired":true,"valueName":"search_term_string"}}],"inLanguage":"ca"},{"@type":"Organization","@id":"https:\/\/corident.es\/#organization","name":"Corident","url":"https:\/\/corident.es\/","logo":{"@type":"ImageObject","inLanguage":"ca","@id":"https:\/\/corident.es\/#\/schema\/logo\/image\/","url":"https:\/\/corident.es\/wp-content\/uploads\/2021\/07\/logotipo.svg","contentUrl":"https:\/\/corident.es\/wp-content\/uploads\/2021\/07\/logotipo.svg","width":343,"height":100,"caption":"Corident"},"image":{"@id":"https:\/\/corident.es\/#\/schema\/logo\/image\/"}}]}},"_links":{"self":[{"href":"https:\/\/corident.es\/ca\/wp-json\/wp\/v2\/pages\/1202","targetHints":{"allow":["GET"]}}],"collection":[{"href":"https:\/\/corident.es\/ca\/wp-json\/wp\/v2\/pages"}],"about":[{"href":"https:\/\/corident.es\/ca\/wp-json\/wp\/v2\/types\/page"}],"author":[{"embeddable":true,"href":"https:\/\/corident.es\/ca\/wp-json\/wp\/v2\/users\/1"}],"replies":[{"embeddable":true,"href":"https:\/\/corident.es\/ca\/wp-json\/wp\/v2\/comments?post=1202"}],"version-history":[{"count":5,"href":"https:\/\/corident.es\/ca\/wp-json\/wp\/v2\/pages\/1202\/revisions"}],"predecessor-version":[{"id":1350,"href":"https:\/\/corident.es\/ca\/wp-json\/wp\/v2\/pages\/1202\/revisions\/1350"}],"wp:attachment":[{"href":"https:\/\/corident.es\/ca\/wp-json\/wp\/v2\/media?parent=1202"}],"curies":[{"name":"wp","href":"https:\/\/api.w.org\/{rel}","templated":true}]}}